{"id":4,"date":"2019-06-20T16:29:20","date_gmt":"2019-06-20T16:29:20","guid":{"rendered":"https:\/\/www.thoreau.dk\/?p=4"},"modified":"2022-06-10T11:57:03","modified_gmt":"2022-06-10T09:57:03","slug":"home","status":"publish","type":"page","link":"https:\/\/www.thoreau.dk\/","title":{"rendered":"Home"},"content":{"rendered":"<h1>Henry David Thoreau<\/h1>\n<div>\n<p><b>Henry David Thoreau<\/b> (f\u00f8dt <a href=\"https:\/\/da.wikipedia.org\/wiki\/12._juli\" title=\"12. juli\">12. juli<\/a> <a href=\"https:\/\/da.wikipedia.org\/wiki\/1817\" title=\"1817\">1817<\/a>, d\u00f8d <a href=\"https:\/\/da.wikipedia.org\/wiki\/6._maj\" title=\"6. maj\">6. maj<\/a> <a href=\"https:\/\/da.wikipedia.org\/wiki\/1862\" title=\"1862\">1862<\/a>) var amerikansk forfatter, naturelsker, <a href=\"https:\/\/da.wikipedia.org\/wiki\/Transcendental\" title=\"Transcendental\">transcendentalist<\/a>, <a href=\"https:\/\/da.wikipedia.org\/wiki\/Pacifist\" class=\"mw-redirect\" title=\"Pacifist\">pacifist<\/a>, skatten\u00e6gter, <a href=\"https:\/\/da.wikipedia.org\/wiki\/Etik\" title=\"Etik\">etiker<\/a>, <a href=\"https:\/\/da.wikipedia.org\/wiki\/Abolitionist\" title=\"Abolitionist\">abolitionist<\/a> og <a href=\"https:\/\/da.wikipedia.org\/wiki\/Filosof\" class=\"mw-redirect\" title=\"Filosof\">filosof<\/a>, fortaler for <a href=\"https:\/\/da.wikipedia.org\/wiki\/Civil_ulydighed\" title=\"Civil ulydighed\">civil ulydighed<\/a> som v\u00e5ben.<\/p>\n<p>Han satte pris p\u00e5 simpel levevis i naturen, som beskrives i hans v\u00e6rk <i>Walden<\/i> \u2013 <i>Livet i skovene<\/i>.<\/p>\n<\/div>\n<p><img decoding=\"async\" src=\"\/wp-content\/uploads\/2022\/06\/Thoreau.jpg\" alt=\"\"><\/p>\n<hr>\n<h1>Bibliografi<\/h1>\n<div>\n<ul>\n<li><i>A Walk to Wachusett<\/i> (1842)<\/li>\n<li><i>A Week on the Concord and Merrimack Rivers<\/i> (1849)<\/li>\n<li><i>On the Duty of Civil Disobedience<\/i> (1849) \u2013 <i>(Civil ulydighed \u2013 Tre politiske tekster)<\/i><\/li>\n<li><i>Slavery in Massachusetts<\/i> (1854)<\/li>\n<li><i>Walden<\/i> (1854) \u2013 <i>Livet i skovene<\/i><\/li>\n<li><i>A Plea for Captain John Brown<\/i> (1860)<\/li>\n<li><i>Excursions<\/i> (1863)<\/li>\n<li><i>Life Without Principle<\/i><\/li>\n<li><i>The Maine Woods<\/i> (1864)<\/li>\n<li><i>Cape Cod<\/i> (1865)<\/li>\n<li><i>Early Spring in Massachusetts<\/i> (1881)<\/li>\n<li><i>Summer<\/i> (1884)<\/li>\n<li><i>Winter<\/i> (1888)<\/li>\n<li><i>Autumn<\/i> (1892)<\/li>\n<li><i>Miscellanies<\/i> (1894)<\/li>\n<li><i>Journal of Henry David Thoreau<\/i> (1906)<\/li>\n<\/ul>\n<\/div>\n<hr>\n<h1>\n<h3>Walden &#8211; livet i skoven.<br \/>Kan fx k\u00f8bes hos:<\/h3>\n<\/h1>\n<ul>\n<li>\n<p><a href=\"https:\/\/www.bog-ide.dk\/produkt\/2776035\/henry-david-thoreau-walden-indbundet\/2902414?gclid=CjwKCAjw14uVBhBEEiwAaufYx8Y9pvVj23oL8W-0gk27BoBcY2dPS0T0QRN6JpMVYJ2qyFZMXbH4PRoCVEwQAvD_BwE&#038;gclsrc=aw.ds\"><\/p>\n<p>Bog&amp;Ide<\/p>\n<p><\/a><\/p>\n<\/li>\n<li>\n<p><a href=\"https:\/\/www.gucca.dk\/walden-bog-p514239?pla=1&#038;gclid=CjwKCAjw14uVBhBEEiwAaufYx16GHWnXqgZfrNGAcj4mhY10JALDYguGFEl4SUfoUX-cxw90FJMzQRoCyukQAvD_BwE\"><\/p>\n<p>Gucca<\/p>\n<p><\/a><\/p>\n<\/li>\n<li>\n<p><a href=\"https:\/\/shopping.coop.dk\/vare\/walden-livet-i-skovene-indbundet-af-henry-david-thoreau\/9788702317039?dfw_tracker=34800-9788702317039&#038;cid=sem2970211262&#038;gclid=CjwKCAjw14uVBhBEEiwAaufYx08NlFxBfQRXkHsjif9xO4Zh0a51WnutoLcw53Cz1wdRFKwARjdPXhoC4UMQAvD_BwE\"><\/p>\n<p>Coop Shopping<\/p>\n<p><\/a><\/p>\n<\/li>\n<\/ul>\n<p><img decoding=\"async\" src=\"\/wp-content\/uploads\/2022\/06\/walden-2776242.jpg\" alt=\"\"><\/p>\n<p><!--more--><br \/>\n<!-- {\"type\":\"layout\",\"children\":[{\"type\":\"section\",\"props\":{\"style\":\"default\",\"width\":\"default\",\"vertical_align\":\"middle\",\"title_position\":\"top-left\",\"title_rotation\":\"left\",\"title_breakpoint\":\"xl\",\"image_position\":\"center-center\",\"padding_remove_bottom\":true},\"children\":[{\"type\":\"row\",\"props\":{\"layout\":\"1-2,1-2\"},\"children\":[{\"type\":\"column\",\"props\":{\"position_sticky_breakpoint\":\"m\",\"image_position\":\"center-center\",\"media_overlay_gradient\":\"\",\"width_medium\":\"1-2\"},\"children\":[{\"type\":\"headline\",\"props\":{\"title_element\":\"h1\",\"content\":\"Henry David Thoreau\"}},{\"type\":\"text\",\"props\":{\"margin\":\"default\",\"column_breakpoint\":\"m\",\"content\":\"\n\n<p><b>Henry David Thoreau<\\\/b> (f\\u00f8dt <a href=\\\"https:\\\/\\\/da.wikipedia.org\\\/wiki\\\/12._juli\\\" title=\\\"12. juli\\\">12. juli<\\\/a> <a href=\\\"https:\\\/\\\/da.wikipedia.org\\\/wiki\\\/1817\\\" title=\\\"1817\\\">1817<\\\/a>, d\\u00f8d <a href=\\\"https:\\\/\\\/da.wikipedia.org\\\/wiki\\\/6._maj\\\" title=\\\"6. maj\\\">6. maj<\\\/a> <a href=\\\"https:\\\/\\\/da.wikipedia.org\\\/wiki\\\/1862\\\" title=\\\"1862\\\">1862<\\\/a>) var amerikansk forfatter, naturelsker, <a href=\\\"https:\\\/\\\/da.wikipedia.org\\\/wiki\\\/Transcendental\\\" title=\\\"Transcendental\\\">transcendentalist<\\\/a>, <a href=\\\"https:\\\/\\\/da.wikipedia.org\\\/wiki\\\/Pacifist\\\" class=\\\"mw-redirect\\\" title=\\\"Pacifist\\\">pacifist<\\\/a>, skatten\\u00e6gter, <a href=\\\"https:\\\/\\\/da.wikipedia.org\\\/wiki\\\/Etik\\\" title=\\\"Etik\\\">etiker<\\\/a>, <a href=\\\"https:\\\/\\\/da.wikipedia.org\\\/wiki\\\/Abolitionist\\\" title=\\\"Abolitionist\\\">abolitionist<\\\/a> og <a href=\\\"https:\\\/\\\/da.wikipedia.org\\\/wiki\\\/Filosof\\\" class=\\\"mw-redirect\\\" title=\\\"Filosof\\\">filosof<\\\/a>, fortaler for <a href=\\\"https:\\\/\\\/da.wikipedia.org\\\/wiki\\\/Civil_ulydighed\\\" title=\\\"Civil ulydighed\\\">civil ulydighed<\\\/a> som v\\u00e5ben.<\\\/p>\\n\n\n<p>Han satte pris p\\u00e5 simpel levevis i naturen, som beskrives i hans v\\u00e6rk <i>Walden<\\\/i> \\u2013 <i>Livet i skovene<\\\/i>.<\\\/p>\"}}]},{\"type\":\"column\",\"props\":{\"position_sticky_breakpoint\":\"m\",\"image_position\":\"center-center\",\"media_overlay_gradient\":\"\",\"width_medium\":\"1-2\"},\"children\":[{\"type\":\"image\",\"props\":{\"margin\":\"default\",\"image_svg_color\":\"emphasis\",\"image\":\"wp-content\\\/uploads\\\/2022\\\/06\\\/Thoreau.jpg\"}}]}]}]},{\"type\":\"section\",\"props\":{\"style\":\"default\",\"width\":\"default\",\"vertical_align\":\"middle\",\"title_position\":\"top-left\",\"title_rotation\":\"left\",\"title_breakpoint\":\"xl\",\"image_position\":\"center-center\"},\"children\":[{\"type\":\"row\",\"children\":[{\"type\":\"column\",\"props\":{\"position_sticky_breakpoint\":\"m\",\"image_position\":\"center-center\",\"media_overlay_gradient\":\"\"},\"children\":[{\"type\":\"divider\",\"props\":{\"divider_element\":\"hr\"}}]}]}]},{\"type\":\"section\",\"props\":{\"style\":\"default\",\"width\":\"default\",\"vertical_align\":\"middle\",\"title_position\":\"top-left\",\"title_rotation\":\"left\",\"title_breakpoint\":\"xl\",\"image_position\":\"center-center\",\"padding_remove_top\":true},\"children\":[{\"type\":\"row\",\"props\":{\"layout\":\"1-2,1-2\"},\"children\":[{\"type\":\"column\",\"props\":{\"position_sticky_breakpoint\":\"m\",\"image_position\":\"center-center\",\"media_overlay_gradient\":\"\",\"width_medium\":\"1-2\"},\"children\":[{\"type\":\"headline\",\"props\":{\"title_element\":\"h1\",\"content\":\"Bibliografi\"}},{\"type\":\"text\",\"props\":{\"margin\":\"default\",\"column_breakpoint\":\"m\",\"content\":\"\n\n<ul>\\n\n\n<li><i>A Walk to Wachusett<\\\/i> (1842)<\\\/li>\\n\n\n<li><i>A Week on the Concord and Merrimack Rivers<\\\/i> (1849)<\\\/li>\\n\n\n<li><i>On the Duty of Civil Disobedience<\\\/i> (1849) \\u2013 <i>(Civil ulydighed \\u2013 Tre politiske tekster)<\\\/i><\\\/li>\\n\n\n<li><i>Slavery in Massachusetts<\\\/i> (1854)<\\\/li>\\n\n\n<li><i>Walden<\\\/i> (1854) \\u2013 <i>Livet i skovene<\\\/i><\\\/li>\\n\n\n<li><i>A Plea for Captain John Brown<\\\/i> (1860)<\\\/li>\\n\n\n<li><i>Excursions<\\\/i> (1863)<\\\/li>\\n\n\n<li><i>Life Without Principle<\\\/i><\\\/li>\\n\n\n<li><i>The Maine Woods<\\\/i> (1864)<\\\/li>\\n\n\n<li><i>Cape Cod<\\\/i> (1865)<\\\/li>\\n\n\n<li><i>Early Spring in Massachusetts<\\\/i> (1881)<\\\/li>\\n\n\n<li><i>Summer<\\\/i> (1884)<\\\/li>\\n\n\n<li><i>Winter<\\\/i> (1888)<\\\/li>\\n\n\n<li><i>Autumn<\\\/i> (1892)<\\\/li>\\n\n\n<li><i>Miscellanies<\\\/i> (1894)<\\\/li>\\n\n\n<li><i>Journal of Henry David Thoreau<\\\/i> (1906)<\\\/li>\\n<\\\/ul>\"}},{\"type\":\"divider\",\"props\":{\"divider_element\":\"hr\"}},{\"type\":\"headline\",\"props\":{\"title_element\":\"h1\",\"content\":\"\n\n<h3>Walden - livet i skoven.<br \\\/>Kan fx k\\u00f8bes hos:<\\\/h3>\"}},{\"type\":\"list\",\"props\":{\"show_image\":true,\"show_link\":true,\"list_type\":\"vertical\",\"list_element\":\"ul\",\"list_horizontal_separator\":\", \",\"column_breakpoint\":\"m\",\"image_svg_color\":\"emphasis\",\"image_align\":\"left\",\"image_vertical_align\":true},\"children\":[{\"type\":\"list_item\",\"props\":{\"content\":\"\n\n<p>Bog&amp;Ide<\\\/p>\",\"link\":\"https:\\\/\\\/www.bog-ide.dk\\\/produkt\\\/2776035\\\/henry-david-thoreau-walden-indbundet\\\/2902414?gclid=CjwKCAjw14uVBhBEEiwAaufYx8Y9pvVj23oL8W-0gk27BoBcY2dPS0T0QRN6JpMVYJ2qyFZMXbH4PRoCVEwQAvD_BwE&gclsrc=aw.ds\"}},{\"type\":\"list_item\",\"props\":{\"content\":\"\n\n<p>Gucca<\\\/p>\",\"link\":\"https:\\\/\\\/www.gucca.dk\\\/walden-bog-p514239?pla=1&gclid=CjwKCAjw14uVBhBEEiwAaufYx16GHWnXqgZfrNGAcj4mhY10JALDYguGFEl4SUfoUX-cxw90FJMzQRoCyukQAvD_BwE\"}},{\"type\":\"list_item\",\"props\":{\"content\":\"\n\n<p>Coop Shopping<\\\/p>\",\"link\":\"https:\\\/\\\/shopping.coop.dk\\\/vare\\\/walden-livet-i-skovene-indbundet-af-henry-david-thoreau\\\/9788702317039?dfw_tracker=34800-9788702317039&cid=sem2970211262&gclid=CjwKCAjw14uVBhBEEiwAaufYx08NlFxBfQRXkHsjif9xO4Zh0a51WnutoLcw53Cz1wdRFKwARjdPXhoC4UMQAvD_BwE\"}}]}]},{\"type\":\"column\",\"props\":{\"position_sticky_breakpoint\":\"m\",\"image_position\":\"center-center\",\"media_overlay_gradient\":\"\",\"width_medium\":\"1-2\"},\"children\":[{\"type\":\"image\",\"props\":{\"margin\":\"default\",\"image_svg_color\":\"emphasis\",\"image\":\"wp-content\\\/uploads\\\/2022\\\/06\\\/walden-2776242.jpg\"}}]}]}]}],\"version\":\"2.7.22\"} --><\/p>\n","protected":false},"excerpt":{"rendered":"<p>Henry David Thoreau Henry David Thoreau (f\u00f8dt 12. juli 1817, d\u00f8d 6. maj 1862) var amerikansk forfatter, naturelsker, transcendentalist, pacifist, skatten\u00e6gter, etiker, abolitionist og filosof, fortaler for civil ulydighed som v\u00e5ben. Han satte pris p\u00e5 simpel levevis i naturen, som beskrives i hans v\u00e6rk Walden \u2013 Livet i skovene. Bibliografi A Walk to Wachusett (1842) [&hellip;]<\/p>\n","protected":false},"author":1,"featured_media":0,"parent":0,"menu_order":3,"comment_status":"open","ping_status":"open","template":"","meta":{"_acf_changed":false,"footnotes":""},"class_list":["post-4","page","type-page","status-publish","hentry"],"acf":[],"_links":{"self":[{"href":"https:\/\/www.thoreau.dk\/index.php?rest_route=\/wp\/v2\/pages\/4","targetHints":{"allow":["GET"]}}],"collection":[{"href":"https:\/\/www.thoreau.dk\/index.php?rest_route=\/wp\/v2\/pages"}],"about":[{"href":"https:\/\/www.thoreau.dk\/index.php?rest_route=\/wp\/v2\/types\/page"}],"author":[{"embeddable":true,"href":"https:\/\/www.thoreau.dk\/index.php?rest_route=\/wp\/v2\/users\/1"}],"replies":[{"embeddable":true,"href":"https:\/\/www.thoreau.dk\/index.php?rest_route=%2Fwp%2Fv2%2Fcomments&post=4"}],"version-history":[{"count":5,"href":"https:\/\/www.thoreau.dk\/index.php?rest_route=\/wp\/v2\/pages\/4\/revisions"}],"predecessor-version":[{"id":1097,"href":"https:\/\/www.thoreau.dk\/index.php?rest_route=\/wp\/v2\/pages\/4\/revisions\/1097"}],"wp:attachment":[{"href":"https:\/\/www.thoreau.dk\/index.php?rest_route=%2Fwp%2Fv2%2Fmedia&parent=4"}],"curies":[{"name":"wp","href":"https:\/\/api.w.org\/{rel}","templated":true}]}}